{"id":858,"date":"2024-01-12T04:33:53","date_gmt":"2024-01-12T04:33:53","guid":{"rendered":"https:\/\/javirevertviticultor.com\/?page_id=858"},"modified":"2024-01-29T20:53:29","modified_gmt":"2024-01-29T20:53:29","slug":"politica-de-privacidad","status":"publish","type":"page","link":"https:\/\/javirevertviticultor.com\/en\/politica-de-privacidad\/","title":{"rendered":"Pol\u00edtica de privacidad"},"content":{"rendered":"<div data-elementor-type=\"wp-page\" data-elementor-id=\"858\" class=\"elementor elementor-858\" data-elementor-post-type=\"page\">\n\t\t\t\t\t\t<section class=\"elementor-section elementor-top-section elementor-element elementor-element-b049470 animated-slow elementor-section-height-min-height elementor-section-items-bottom elementor-section-boxed elementor-section-height-default elementor-invisible\" data-id=\"b049470\" data-element_type=\"section\" data-settings=\"{&quot;background_background&quot;:&quot;classic&quot;,&quot;animation&quot;:&quot;fadeIn&quot;}\">\n\t\t\t\t\t\t\t<div class=\"elementor-background-overlay\"><\/div>\n\t\t\t\t\t\t\t<div class=\"elementor-container elementor-column-gap-no\">\n\t\t\t\t\t<div class=\"elementor-column elementor-col-100 elementor-top-column elementor-element elementor-element-c87fd74\" data-id=\"c87fd74\" data-element_type=\"column\">\n\t\t\t<div class=\"elementor-widget-wrap elementor-element-populated\">\n\t\t\t\t\t\t<div class=\"elementor-element elementor-element-72e5f73 elementor-widget elementor-widget-heading\" data-id=\"72e5f73\" data-element_type=\"widget\" data-widget_type=\"heading.default\">\n\t\t\t\t<div class=\"elementor-widget-container\">\n\t\t\t<style>\/*! elementor - v3.20.0 - 13-03-2024 *\/\n.elementor-heading-title{padding:0;margin:0;line-height:1}.elementor-widget-heading .elementor-heading-title[class*=elementor-size-]>a{color:inherit;font-size:inherit;line-height:inherit}.elementor-widget-heading .elementor-heading-title.elementor-size-small{font-size:15px}.elementor-widget-heading .elementor-heading-title.elementor-size-medium{font-size:19px}.elementor-widget-heading .elementor-heading-title.elementor-size-large{font-size:29px}.elementor-widget-heading .elementor-heading-title.elementor-size-xl{font-size:39px}.elementor-widget-heading .elementor-heading-title.elementor-size-xxl{font-size:59px}<\/style><h1 class=\"elementor-heading-title elementor-size-default\">POL\u00cdTICA DE PRIVACIDAD<\/h1>\t\t<\/div>\n\t\t\t\t<\/div>\n\t\t\t\t\t<\/div>\n\t\t<\/div>\n\t\t\t\t\t<\/div>\n\t\t<\/section>\n\t\t<div class=\"elementor-element elementor-element-bf7e884 e-flex e-con-boxed e-con e-parent\" data-id=\"bf7e884\" data-element_type=\"container\" data-core-v316-plus=\"true\">\n\t\t\t\t\t<div class=\"e-con-inner\">\n\t\t\t\t<div class=\"elementor-element elementor-element-3f997e4 elementor-widget elementor-widget-text-editor\" data-id=\"3f997e4\" data-element_type=\"widget\" data-widget_type=\"text-editor.default\">\n\t\t\t\t<div class=\"elementor-widget-container\">\n\t\t\t<style>\/*! elementor - v3.20.0 - 13-03-2024 *\/\n.elementor-widget-text-editor.elementor-drop-cap-view-stacked .elementor-drop-cap{background-color:#69727d;color:#fff}.elementor-widget-text-editor.elementor-drop-cap-view-framed .elementor-drop-cap{color:#69727d;border:3px solid;background-color:transparent}.elementor-widget-text-editor:not(.elementor-drop-cap-view-default) .elementor-drop-cap{margin-top:8px}.elementor-widget-text-editor:not(.elementor-drop-cap-view-default) .elementor-drop-cap-letter{width:1em;height:1em}.elementor-widget-text-editor .elementor-drop-cap{float:left;text-align:center;line-height:1;font-size:50px}.elementor-widget-text-editor .elementor-drop-cap-letter{display:inline-block}<\/style>\t\t\t\t<p><strong>1. RESPONSABLE DEL TRATAMIENTO:<\/strong> El responsable del tratamiento de sus datos personales es JAVI REVERT VITICULTOR SL (en adelante, \u00abLA EMPRESA\u00bb), con CIF B42760637 y domicilio social en Portal de Valencia, 27, 46630, La Font de la Figuera.<\/p><p>La titularidad de este sitio web (en adelante, el \u00abSitio Web\u00bb) es de JAVI REVERT VITICULTOR SL.<\/p><p>El Usuario puede contactar con LA EMPRESA en la siguiente direcci\u00f3n de correo electr\u00f3nico: <strong>hola@<\/strong><a href=\"http:\/\/javirevertviticultor.com\/en\/ingredientes\/\"><b>javirevertviticultor.com<\/b><\/a>\u00a0o al n\u00famero de tel\u00e9fono: <strong>\u00a0654 54 73 05<\/strong><\/p><p><strong>2. LEGITIMACI\u00d3N DEL TRATAMIENTO:<\/strong> LA EMPRESA se encuentra legitimada para el tratamiento de sus datos con el fin de llevar a cabo la prestaci\u00f3n de sus servicios. La informaci\u00f3n personal se conserva de forma segura y se trata con el m\u00e1ximo cuidado.<\/p><p><strong>3. FINALIDADES DEL TRATAMIENTO:<\/strong> En base al consentimiento otorgado en el formulario de registro correspondiente, sus datos de car\u00e1cter personal podr\u00e1n ser utilizados para las siguientes finalidades:<\/p><ul><li>La prestaci\u00f3n de los servicios ofrecidos a trav\u00e9s del sitio web.<\/li><li>El env\u00edo de comunicaciones comerciales perfiladas y\/o Newsletter por parte de LA EMPRESA.<\/li><\/ul><p>El Usuario puede retirar su consentimiento en cualquier momento enviando un mensaje a la direcci\u00f3n de correo electr\u00f3nico [Incluir direcci\u00f3n de correo electr\u00f3nico], sin que ello afecte a la licitud del tratamiento basado en el consentimiento previo a su retirada.<\/p><p><strong>4. VERACIDAD DE LOS DATOS:<\/strong> El Usuario garantiza que los datos personales facilitados son veraces y se compromete a comunicar a LA EMPRESA cualquier modificaci\u00f3n de estos. LA EMPRESA se reserva el derecho a excluir de los Servicios registrados a todo Usuario que haya facilitado datos falsos.<\/p><p><strong>5. CONSERVACI\u00d3N DE LOS DATOS:<\/strong> Los datos personales proporcionados se conservar\u00e1n por parte de LA EMPRESA mientras el Usuario no manifieste su voluntad de darse de baja de los servicios de LA EMPRESA. Posteriormente, en caso de ser necesario, LA EMPRESA mantendr\u00e1 la informaci\u00f3n bloqueada los plazos legalmente establecidos.<\/p><p><strong>6. DERECHOS DEL USUARIO:<\/strong> El Usuario tiene derecho a:<\/p><ul><li>Acceder a sus datos personales.<\/li><li>Solicitar la rectificaci\u00f3n de los datos inexactos.<\/li><li>Solicitar la supresi\u00f3n de sus datos.<\/li><li>Solicitar la limitaci\u00f3n del tratamiento de sus datos.<\/li><li>Oponerse al tratamiento de sus datos.<\/li><li>Solicitar su portabilidad.<\/li><li>No ser objeto de decisiones individuales automatizadas.<\/li><\/ul><p>El Usuario puede ejercer estos derechos enviando un correo electr\u00f3nico a la direcci\u00f3n [Incluir direcci\u00f3n de correo electr\u00f3nico] indicando el motivo de su petici\u00f3n y adjuntando una copia de su D.N.I.<\/p><p><strong>7. SEGURIDAD DE LOS DATOS:<\/strong> LA EMPRESA implementa medidas t\u00e9cnicas y organizativas para impedir el uso inadecuado de sus datos, permitiendo el acceso \u00fanicamente al personal autorizado. Se mantienen niveles de seguridad conforme a la normativa aplicable.<\/p><p><strong>8. REVISI\u00d3N DE LA POL\u00cdTICA DE PRIVACIDAD:<\/strong> LA EMPRESA se reserva el derecho de revisar su Pol\u00edtica de Privacidad. Se recomienda revisarla peri\u00f3dicamente, y cualquier cambio se comunicar\u00e1 al Usuario.<\/p><p><strong>9. LINKS A P\u00c1GINAS WEB:<\/strong> El Sitio Web puede contener enlaces a p\u00e1ginas web de terceros. LA EMPRESA no se hace responsable de la protecci\u00f3n de la privacidad y datos personales en dichas p\u00e1ginas.<\/p><p><strong>10. PREGUNTAS:<\/strong> Ante cualquier pregunta sobre esta Pol\u00edtica de Privacidad, el Usuario puede ponerse en contacto con LA EMPRESA mediante correo electr\u00f3nico a [Incluir direcci\u00f3n de correo electr\u00f3nico] o al n\u00famero de tel\u00e9fono: [Incluir n\u00famero de tel\u00e9fono].<\/p><p><strong>11. ACEPTACI\u00d3N Y CONSENTIMIENTO:<\/strong> El Usuario acepta y consiente el tratamiento de sus datos por parte de LA EMPRESA, seg\u00fan lo establecido en la presente Pol\u00edtica de Privacidad, y declara haber sido informado de las condiciones sobre protecci\u00f3n de datos personales.<\/p>\t\t\t\t\t\t<\/div>\n\t\t\t\t<\/div>\n\t\t\t\t\t<\/div>\n\t\t\t\t<\/div>\n\t\t\t\t<\/div>","protected":false},"excerpt":{"rendered":"<p>POL\u00cdTICA DE PRIVACIDAD 1. RESPONSABLE DEL TRATAMIENTO: El responsable del tratamiento de sus datos personales es JAVI REVERT VITICULTOR SL (en adelante, \u00abLA EMPRESA\u00bb), con CIF B42760637 y domicilio social en Portal de Valencia, 27, 46630, La Font de la Figuera. La titularidad de este sitio web (en adelante, el \u00abSitio Web\u00bb) es de JAVI [&hellip;]<\/p>","protected":false},"author":1,"featured_media":0,"parent":0,"menu_order":0,"comment_status":"closed","ping_status":"closed","template":"","meta":{"footnotes":""},"class_list":["post-858","page","type-page","status-publish","hentry"],"_links":{"self":[{"href":"https:\/\/javirevertviticultor.com\/en\/wp-json\/wp\/v2\/pages\/858","targetHints":{"allow":["GET"]}}],"collection":[{"href":"https:\/\/javirevertviticultor.com\/en\/wp-json\/wp\/v2\/pages"}],"about":[{"href":"https:\/\/javirevertviticultor.com\/en\/wp-json\/wp\/v2\/types\/page"}],"author":[{"embeddable":true,"href":"https:\/\/javirevertviticultor.com\/en\/wp-json\/wp\/v2\/users\/1"}],"replies":[{"embeddable":true,"href":"https:\/\/javirevertviticultor.com\/en\/wp-json\/wp\/v2\/comments?post=858"}],"version-history":[{"count":10,"href":"https:\/\/javirevertviticultor.com\/en\/wp-json\/wp\/v2\/pages\/858\/revisions"}],"predecessor-version":[{"id":1278,"href":"https:\/\/javirevertviticultor.com\/en\/wp-json\/wp\/v2\/pages\/858\/revisions\/1278"}],"wp:attachment":[{"href":"https:\/\/javirevertviticultor.com\/en\/wp-json\/wp\/v2\/media?parent=858"}],"curies":[{"name":"wp","href":"https:\/\/api.w.org\/{rel}","templated":true}]}}