{"id":856,"date":"2024-01-12T04:33:45","date_gmt":"2024-01-12T04:33:45","guid":{"rendered":"https:\/\/javirevertviticultor.com\/?page_id=856"},"modified":"2024-01-26T22:48:56","modified_gmt":"2024-01-26T22:48:56","slug":"politica-de-cookies","status":"publish","type":"page","link":"https:\/\/javirevertviticultor.com\/en\/politica-de-cookies\/","title":{"rendered":"Cookies policy"},"content":{"rendered":"<div data-elementor-type=\"wp-page\" data-elementor-id=\"856\" class=\"elementor elementor-856\" data-elementor-post-type=\"page\">\n\t\t\t\t\t\t<section class=\"elementor-section elementor-top-section elementor-element elementor-element-106fef2 animated-slow elementor-section-height-min-height elementor-section-items-bottom elementor-section-boxed elementor-section-height-default elementor-invisible\" data-id=\"106fef2\" data-element_type=\"section\" data-settings=\"{&quot;background_background&quot;:&quot;classic&quot;,&quot;animation&quot;:&quot;fadeIn&quot;}\">\n\t\t\t\t\t\t\t<div class=\"elementor-background-overlay\"><\/div>\n\t\t\t\t\t\t\t<div class=\"elementor-container elementor-column-gap-no\">\n\t\t\t\t\t<div class=\"elementor-column elementor-col-100 elementor-top-column elementor-element elementor-element-7e8cec1\" data-id=\"7e8cec1\" data-element_type=\"column\">\n\t\t\t<div class=\"elementor-widget-wrap elementor-element-populated\">\n\t\t\t\t\t\t<div class=\"elementor-element elementor-element-976483f elementor-widget elementor-widget-heading\" data-id=\"976483f\" data-element_type=\"widget\" data-widget_type=\"heading.default\">\n\t\t\t\t<div class=\"elementor-widget-container\">\n\t\t\t<style>\/*! elementor - v3.20.0 - 13-03-2024 *\/\n.elementor-heading-title{padding:0;margin:0;line-height:1}.elementor-widget-heading .elementor-heading-title[class*=elementor-size-]>a{color:inherit;font-size:inherit;line-height:inherit}.elementor-widget-heading .elementor-heading-title.elementor-size-small{font-size:15px}.elementor-widget-heading .elementor-heading-title.elementor-size-medium{font-size:19px}.elementor-widget-heading .elementor-heading-title.elementor-size-large{font-size:29px}.elementor-widget-heading .elementor-heading-title.elementor-size-xl{font-size:39px}.elementor-widget-heading .elementor-heading-title.elementor-size-xxl{font-size:59px}<\/style><h2 class=\"elementor-heading-title elementor-size-default\">POL\u00cdTICA DE COOKIES<\/h2>\t\t<\/div>\n\t\t\t\t<\/div>\n\t\t\t\t\t<\/div>\n\t\t<\/div>\n\t\t\t\t\t<\/div>\n\t\t<\/section>\n\t\t<div class=\"elementor-element elementor-element-46896fc e-flex e-con-boxed e-con e-parent\" data-id=\"46896fc\" data-element_type=\"container\" data-core-v316-plus=\"true\">\n\t\t\t\t\t<div class=\"e-con-inner\">\n\t\t\t\t<div class=\"elementor-element elementor-element-8c8257f elementor-widget elementor-widget-text-editor\" data-id=\"8c8257f\" data-element_type=\"widget\" data-widget_type=\"text-editor.default\">\n\t\t\t\t<div class=\"elementor-widget-container\">\n\t\t\t<style>\/*! elementor - v3.20.0 - 13-03-2024 *\/\n.elementor-widget-text-editor.elementor-drop-cap-view-stacked .elementor-drop-cap{background-color:#69727d;color:#fff}.elementor-widget-text-editor.elementor-drop-cap-view-framed .elementor-drop-cap{color:#69727d;border:3px solid;background-color:transparent}.elementor-widget-text-editor:not(.elementor-drop-cap-view-default) .elementor-drop-cap{margin-top:8px}.elementor-widget-text-editor:not(.elementor-drop-cap-view-default) .elementor-drop-cap-letter{width:1em;height:1em}.elementor-widget-text-editor .elementor-drop-cap{float:left;text-align:center;line-height:1;font-size:50px}.elementor-widget-text-editor .elementor-drop-cap-letter{display:inline-block}<\/style>\t\t\t\t<div class=\"flex-1 overflow-hidden\"><div class=\"react-scroll-to-bottom--css-wsyzu-79elbk h-full\"><div class=\"react-scroll-to-bottom--css-wsyzu-1n7m0yu\"><div class=\"flex flex-col pb-9 text-sm\"><div class=\"w-full text-token-text-primary\" data-testid=\"conversation-turn-9\"><div class=\"px-4 py-2 justify-center text-base md:gap-6 m-auto\"><div class=\"flex flex-1 text-base mx-auto gap-3 md:px-5 lg:px-1 xl:px-5 md:max-w-3xl lg:max-w-[40rem] xl:max-w-[48rem] group final-completion\"><div class=\"relative flex w-full flex-col lg:w-[calc(100%-115px)] agent-turn\"><div class=\"flex-col gap-1 md:gap-3\"><div class=\"flex flex-grow flex-col max-w-full\"><div class=\"min-h-[20px] text-message flex flex-col items-start gap-3 whitespace-pre-wrap break-words [.text-message+&amp;]:mt-5 overflow-x-auto\" data-message-author-role=\"assistant\" data-message-id=\"73766a8d-5a3b-4074-abcf-642df2b46ad2\"><div class=\"markdown prose w-full break-words dark:prose-invert dark\"><p><strong>1. DEFINICI\u00d3N DE COOKIES:<\/strong> Javi Revert Viticultor SL (en adelante, \u00abLA EMPRESA\u00bb) informa sobre el uso de dispositivos de almacenamiento y recuperaci\u00f3n de datos en equipos terminales de los Usuarios, conocidos como cookies.<\/p><p><strong>2. FINALIDAD DE LAS COOKIES:<\/strong> Las cookies son archivos descargados en su ordenador al acceder a ciertas p\u00e1ginas web. Permiten almacenar y recuperar informaci\u00f3n sobre los h\u00e1bitos de navegaci\u00f3n del Usuario. La informaci\u00f3n recogida por las cookies es an\u00f3nima y no contiene datos sensibles. El Usuario puede modificar la configuraci\u00f3n de su navegador para bloquear la instalaci\u00f3n de cookies sin afectar al acceso a los contenidos.<\/p><p><strong>3. TIPOS DE COOKIES UTILIZADAS POR LA EMPRESA:<\/strong><\/p><p><strong>a) Cookies Obligatorias:<\/strong> Estas son necesarias para prestar servicios solicitados por el usuario, gestionando aspectos t\u00e9cnicos como identificaci\u00f3n de registros y preferencias de herramientas en el uso, interacci\u00f3n y localizaci\u00f3n de contenidos.<\/p><table><thead><tr><th>Nombre<\/th><th>Finalidad<\/th><th>Caducidad<\/th><th>Proveedor<\/th><\/tr><\/thead><tbody><tr><td>[Nombre]<\/td><td>[Finalidad]<\/td><td>[Caducidad]<\/td><td>[Proveedor]<\/td><\/tr><\/tbody><\/table><p><strong>b) Cookies Funcionales:<\/strong> Proporcionan al usuario informaci\u00f3n que mejora la experiencia de navegaci\u00f3n, como mostrar el pron\u00f3stico del tiempo basado en su ubicaci\u00f3n.<\/p><table><thead><tr><th>Nombre<\/th><th>Finalidad<\/th><th>Caducidad<\/th><th>Proveedor<\/th><\/tr><\/thead><tbody><tr><td>[Nombre]<\/td><td>[Finalidad]<\/td><td>[Caducidad]<\/td><td>[Proveedor]<\/td><\/tr><\/tbody><\/table><p><strong>c) Cookies Estad\u00edsticas\/Anal\u00edticas:<\/strong> Recogen informaci\u00f3n sobre el uso de la p\u00e1gina para medir rendimiento y mejorar la navegaci\u00f3n. Permiten la identificaci\u00f3n an\u00f3nima de usuarios, contabilizar visitantes, identificar contenidos m\u00e1s visitados y determinar si el usuario es nuevo o repite visita.<\/p><p>Ejemplos:<\/p><table><thead><tr><th>Nombre<\/th><th>Finalidad<\/th><th>Caducidad<\/th><th>Proveedor<\/th><\/tr><\/thead><tbody><tr><td>_ga<\/td><td>Distinguir usuarios<\/td><td>2 a\u00f1os<\/td><td>Google Analytics<\/td><\/tr><tr><td>_gat<\/td><td>Limitar solicitudes<\/td><td>1 minuto<\/td><td>Google Analytics<\/td><\/tr><tr><td>_gid<\/td><td>Distinguir usuarios<\/td><td>24 horas<\/td><td>Google Analytics<\/td><\/tr><\/tbody><\/table><p><strong>4. C\u00d3MO DESHABILITAR LAS COOKIES:<\/strong> Es posible deshabilitar cookies no esenciales en la configuraci\u00f3n del sitio web, ubicada en el pie de p\u00e1gina. Adem\u00e1s, los navegadores permiten cambios para desactivar cookies. Para un control m\u00e1s preciso, se pueden gestionar mediante las opciones del navegador.<\/p><p>Enlaces para deshabilitar cookies seg\u00fan navegador:<\/p><ul><li><a href=\"https:\/\/support.google.com\/chrome\/bin\/answer.py?hl=es&amp;answer=95647\" target=\"_new\" rel=\"noopener\">Chrome<\/a><\/li><li><a href=\"https:\/\/support.apple.com\/kb\/ph5042\" target=\"_new\" rel=\"noopener\">Safari<\/a><\/li><li><a href=\"https:\/\/support.microsoft.com\/es-es\/windows\/eliminar-y-administrar-cookies-168dab11-0753-043d-7c16-ede5947fc64d\" target=\"_new\" rel=\"noopener\">Explorer<\/a><\/li><li><a href=\"https:\/\/support.mozilla.org\/es\/kb\/habilitar-y-deshabilitar-cookies-que-los-sitios-we\" target=\"_new\" rel=\"noopener\">Firefox<\/a><\/li><\/ul><p><strong>5. COOKIES EN DISPOSITIVOS M\u00d3VILES:<\/strong> LA EMPRESA utiliza cookies en dispositivos m\u00f3viles. Las no esenciales pueden deshabilitarse en la configuraci\u00f3n del sitio web, ubicada en el pie de p\u00e1gina. En dispositivos m\u00f3viles, se pueden realizar cambios en las opciones de privacidad para desactivar o eliminar cookies.<\/p><p>Ejemplos de enlaces para modificar opciones de privacidad en dispositivos m\u00f3viles:<\/p><ul><li><a href=\"http:\/\/goo.gl\/61xevS\" target=\"_new\" rel=\"noopener\">iOS<\/a><\/li><li><a href=\"https:\/\/goo.gl\/tKyb0y\" target=\"_new\" rel=\"noopener\">Windows Phone<\/a><\/li><li><a href=\"http:\/\/goo.gl\/XJp7N\" target=\"_new\" rel=\"noopener\">Chrome Mobile<\/a><\/li><\/ul><\/div><\/div><\/div><div class=\"mt-1 flex justify-start gap-3 empty:hidden\">\u00a0<\/div><\/div><div class=\"absolute\"><div class=\"flex w-full gap-2 items-center justify-center\">\u00a0<\/div><\/div><\/div><\/div><\/div><\/div><\/div><\/div><\/div><\/div><div class=\"w-full pt-2 md:pt-0 dark:border-white\/20 md:border-transparent md:dark:border-transparent md:w-[calc(100%-.5rem)]\"><form class=\"stretch mx-2 flex flex-row gap-3 last:mb-2 md:mx-4 md:last:mb-6 lg:mx-auto lg:max-w-2xl xl:max-w-3xl\" action=\"\"><div class=\"relative flex h-full flex-1 items-stretch md:flex-col\"><div class=\"flex w-full items-center\"><div class=\"overflow-hidden [&amp;:has(textarea:focus)]:border-token-border-xheavy [&amp;:has(textarea:focus)]:shadow-[0_2px_6px_rgba(0,0,0,.05)] flex flex-col w-full dark:border-token-border-heavy flex-grow relative border border-token-border-heavy dark:text-white rounded-2xl bg-white dark:bg-gray-800 shadow-[0_0_0_2px_rgba(255,255,255,0.95)] dark:shadow-[0_0_0_2px_rgba(52,53,65,0.95)]\"><div data-grammarly-part=\"button\"><div><div><div class=\"amkYk\"><div><div class=\"ptGJG\">\u00a0<\/div><\/div><\/div><\/div><\/div><\/div><\/div><\/div><\/div><input type=\"hidden\" name=\"trp-form-language\" value=\"en\"\/><\/form><\/div>\t\t\t\t\t\t<\/div>\n\t\t\t\t<\/div>\n\t\t\t\t\t<\/div>\n\t\t\t\t<\/div>\n\t\t\t\t<\/div>","protected":false},"excerpt":{"rendered":"<p>POL\u00cdTICA DE COOKIES 1. DEFINICI\u00d3N DE COOKIES: Javi Revert Viticultor SL (en adelante, \u00abLA EMPRESA\u00bb) informa sobre el uso de dispositivos de almacenamiento y recuperaci\u00f3n de datos en equipos terminales de los Usuarios, conocidos como cookies. 2. FINALIDAD DE LAS COOKIES: Las cookies son archivos descargados en su ordenador al acceder a ciertas p\u00e1ginas web. [&hellip;]<\/p>","protected":false},"author":1,"featured_media":0,"parent":0,"menu_order":0,"comment_status":"closed","ping_status":"closed","template":"","meta":{"footnotes":""},"class_list":["post-856","page","type-page","status-publish","hentry"],"_links":{"self":[{"href":"https:\/\/javirevertviticultor.com\/en\/wp-json\/wp\/v2\/pages\/856","targetHints":{"allow":["GET"]}}],"collection":[{"href":"https:\/\/javirevertviticultor.com\/en\/wp-json\/wp\/v2\/pages"}],"about":[{"href":"https:\/\/javirevertviticultor.com\/en\/wp-json\/wp\/v2\/types\/page"}],"author":[{"embeddable":true,"href":"https:\/\/javirevertviticultor.com\/en\/wp-json\/wp\/v2\/users\/1"}],"replies":[{"embeddable":true,"href":"https:\/\/javirevertviticultor.com\/en\/wp-json\/wp\/v2\/comments?post=856"}],"version-history":[{"count":16,"href":"https:\/\/javirevertviticultor.com\/en\/wp-json\/wp\/v2\/pages\/856\/revisions"}],"predecessor-version":[{"id":1213,"href":"https:\/\/javirevertviticultor.com\/en\/wp-json\/wp\/v2\/pages\/856\/revisions\/1213"}],"wp:attachment":[{"href":"https:\/\/javirevertviticultor.com\/en\/wp-json\/wp\/v2\/media?parent=856"}],"curies":[{"name":"wp","href":"https:\/\/api.w.org\/{rel}","templated":true}]}}