{"id":854,"date":"2024-01-12T04:33:34","date_gmt":"2024-01-12T04:33:34","guid":{"rendered":"https:\/\/javirevertviticultor.com\/?page_id=854"},"modified":"2024-01-26T22:44:54","modified_gmt":"2024-01-26T22:44:54","slug":"aviso-legal","status":"publish","type":"page","link":"https:\/\/javirevertviticultor.com\/en\/aviso-legal\/","title":{"rendered":"Legal Notice"},"content":{"rendered":"<div data-elementor-type=\"wp-page\" data-elementor-id=\"854\" class=\"elementor elementor-854\" data-elementor-post-type=\"page\">\n\t\t\t\t\t\t<section class=\"elementor-section elementor-top-section elementor-element elementor-element-f1e9901 animated-slow elementor-section-height-min-height elementor-section-items-bottom elementor-section-boxed elementor-section-height-default elementor-invisible\" data-id=\"f1e9901\" data-element_type=\"section\" data-settings=\"{&quot;background_background&quot;:&quot;classic&quot;,&quot;animation&quot;:&quot;fadeIn&quot;}\">\n\t\t\t\t\t\t\t<div class=\"elementor-background-overlay\"><\/div>\n\t\t\t\t\t\t\t<div class=\"elementor-container elementor-column-gap-no\">\n\t\t\t\t\t<div class=\"elementor-column elementor-col-100 elementor-top-column elementor-element elementor-element-579d938\" data-id=\"579d938\" data-element_type=\"column\">\n\t\t\t<div class=\"elementor-widget-wrap elementor-element-populated\">\n\t\t\t\t\t\t<div class=\"elementor-element elementor-element-4effd5d elementor-widget elementor-widget-heading\" data-id=\"4effd5d\" data-element_type=\"widget\" data-widget_type=\"heading.default\">\n\t\t\t\t<div class=\"elementor-widget-container\">\n\t\t\t<style>\/*! elementor - v3.20.0 - 13-03-2024 *\/\n.elementor-heading-title{padding:0;margin:0;line-height:1}.elementor-widget-heading .elementor-heading-title[class*=elementor-size-]>a{color:inherit;font-size:inherit;line-height:inherit}.elementor-widget-heading .elementor-heading-title.elementor-size-small{font-size:15px}.elementor-widget-heading .elementor-heading-title.elementor-size-medium{font-size:19px}.elementor-widget-heading .elementor-heading-title.elementor-size-large{font-size:29px}.elementor-widget-heading .elementor-heading-title.elementor-size-xl{font-size:39px}.elementor-widget-heading .elementor-heading-title.elementor-size-xxl{font-size:59px}<\/style><h2 class=\"elementor-heading-title elementor-size-default\">AVISO LEGAL<\/h2>\t\t<\/div>\n\t\t\t\t<\/div>\n\t\t\t\t\t<\/div>\n\t\t<\/div>\n\t\t\t\t\t<\/div>\n\t\t<\/section>\n\t\t<div class=\"elementor-element elementor-element-f81a326 e-flex e-con-boxed e-con e-parent\" data-id=\"f81a326\" data-element_type=\"container\" data-core-v316-plus=\"true\">\n\t\t\t\t\t<div class=\"e-con-inner\">\n\t\t\t\t<div class=\"elementor-element elementor-element-3176be8 elementor-widget elementor-widget-text-editor\" data-id=\"3176be8\" data-element_type=\"widget\" data-widget_type=\"text-editor.default\">\n\t\t\t\t<div class=\"elementor-widget-container\">\n\t\t\t<style>\/*! elementor - v3.20.0 - 13-03-2024 *\/\n.elementor-widget-text-editor.elementor-drop-cap-view-stacked .elementor-drop-cap{background-color:#69727d;color:#fff}.elementor-widget-text-editor.elementor-drop-cap-view-framed .elementor-drop-cap{color:#69727d;border:3px solid;background-color:transparent}.elementor-widget-text-editor:not(.elementor-drop-cap-view-default) .elementor-drop-cap{margin-top:8px}.elementor-widget-text-editor:not(.elementor-drop-cap-view-default) .elementor-drop-cap-letter{width:1em;height:1em}.elementor-widget-text-editor .elementor-drop-cap{float:left;text-align:center;line-height:1;font-size:50px}.elementor-widget-text-editor .elementor-drop-cap-letter{display:inline-block}<\/style>\t\t\t\t<p>En cumplimiento con lo establecido en la normativa de la Uni\u00f3n Europea y la legislaci\u00f3n espa\u00f1ola aplicable, se presenta el siguiente Aviso Legal que regula el uso del sitio web titularidad de JAVI REVERT VITICULTOR SL, con CIF B42760637 y domicilio social en Portal de Valencia, 27, 46630, La Font de la Figuera.<\/p><p><strong>1. DATOS IDENTIFICATIVOS:<\/strong><\/p><ul><li>Nombre: JAVI REVERT VITICULTOR SL<\/li><li>CIF: B42760637<\/li><li>Domicilio Social: Portal de Valencia, 27, 46630, La Font de la Figuera<\/li><\/ul><p><strong>2. CONTACTO:<\/strong><\/p><ul><li>Correo Electr\u00f3nico: hola@javirevertviticultor.com<\/li><li>Tel\u00e9fono: 654 54 73 05<\/li><\/ul><p><strong>3. PROPIEDAD INTELECTUAL E INDUSTRIAL:<\/strong> El contenido de este sitio web, incluyendo textos, im\u00e1genes, logotipos, dise\u00f1os y cualquier otro elemento, est\u00e1 protegido por derechos de propiedad intelectual e industrial. Queda prohibida la reproducci\u00f3n, distribuci\u00f3n, comunicaci\u00f3n p\u00fablica o transformaci\u00f3n sin la autorizaci\u00f3n expresa de JAVI REVERT VITICULTOR SL.<\/p><p><strong>4. POL\u00cdTICA DE PRIVACIDAD:<\/strong> La recopilaci\u00f3n y tratamiento de datos personales se realiza de acuerdo con nuestra Pol\u00edtica de Privacidad, la cual puede ser consultada <span style=\"text-decoration: underline;\"><strong><a href=\"https:\/\/javirevertviticultor.com\/en\/politica-de-privacidad\/\">aqu\u00ed<\/a><\/strong><\/span>.<\/p><p><strong>5. COOKIES:<\/strong> Este sitio web utiliza cookies para mejorar la experiencia del usuario. Al navegar por este sitio, el usuario acepta el uso de cookies de acuerdo con nuestra Pol\u00edtica de Cookies, <span style=\"text-decoration: underline;\"><strong><a href=\"https:\/\/javirevertviticultor.com\/en\/politica-de-cookies\/\">disponible aqu\u00ed.<\/a><\/strong><\/span><\/p><p><strong>6. RESPONSABILIDAD:<\/strong> JAVI REVERT VITICULTOR SL no se hace responsable de los contenidos de los enlaces externos que puedan estar presentes en el sitio web, ni de los posibles da\u00f1os o perjuicios derivados del uso de dichos enlaces.<\/p><p><strong>7. LEGISLACI\u00d3N APLICABLE:<\/strong> El presente Aviso Legal se rige por la legislaci\u00f3n espa\u00f1ola y la normativa de la Uni\u00f3n Europea que resulte de aplicaci\u00f3n.<\/p><p><strong>8. MODIFICACIONES:<\/strong> JAVI REVERT VITICULTOR SL se reserva el derecho de realizar modificaciones en el contenido de este Aviso Legal sin previo aviso, por lo que se recomienda revisarlo peri\u00f3dicamente.<\/p><p>En caso de cualquier duda o consulta sobre este Aviso Legal, puede contactar con nosotros a trav\u00e9s de los datos de contacto proporcionados.<\/p>\t\t\t\t\t\t<\/div>\n\t\t\t\t<\/div>\n\t\t\t\t\t<\/div>\n\t\t\t\t<\/div>\n\t\t\t\t<\/div>","protected":false},"excerpt":{"rendered":"<p>AVISO LEGAL En cumplimiento con lo establecido en la normativa de la Uni\u00f3n Europea y la legislaci\u00f3n espa\u00f1ola aplicable, se presenta el siguiente Aviso Legal que regula el uso del sitio web titularidad de JAVI REVERT VITICULTOR SL, con CIF B42760637 y domicilio social en Portal de Valencia, 27, 46630, La Font de la Figuera. [&hellip;]<\/p>","protected":false},"author":1,"featured_media":0,"parent":0,"menu_order":0,"comment_status":"closed","ping_status":"closed","template":"","meta":{"footnotes":""},"class_list":["post-854","page","type-page","status-publish","hentry"],"_links":{"self":[{"href":"https:\/\/javirevertviticultor.com\/en\/wp-json\/wp\/v2\/pages\/854","targetHints":{"allow":["GET"]}}],"collection":[{"href":"https:\/\/javirevertviticultor.com\/en\/wp-json\/wp\/v2\/pages"}],"about":[{"href":"https:\/\/javirevertviticultor.com\/en\/wp-json\/wp\/v2\/types\/page"}],"author":[{"embeddable":true,"href":"https:\/\/javirevertviticultor.com\/en\/wp-json\/wp\/v2\/users\/1"}],"replies":[{"embeddable":true,"href":"https:\/\/javirevertviticultor.com\/en\/wp-json\/wp\/v2\/comments?post=854"}],"version-history":[{"count":16,"href":"https:\/\/javirevertviticultor.com\/en\/wp-json\/wp\/v2\/pages\/854\/revisions"}],"predecessor-version":[{"id":1194,"href":"https:\/\/javirevertviticultor.com\/en\/wp-json\/wp\/v2\/pages\/854\/revisions\/1194"}],"wp:attachment":[{"href":"https:\/\/javirevertviticultor.com\/en\/wp-json\/wp\/v2\/media?parent=854"}],"curies":[{"name":"wp","href":"https:\/\/api.w.org\/{rel}","templated":true}]}}