{"id":1402,"date":"2024-03-14T12:53:15","date_gmt":"2024-03-14T12:53:15","guid":{"rendered":"https:\/\/javirevertviticultor.com\/?page_id=1402"},"modified":"2025-10-31T12:17:18","modified_gmt":"2025-10-31T12:17:18","slug":"visitas","status":"publish","type":"page","link":"https:\/\/javirevertviticultor.com\/en\/visitas\/","title":{"rendered":"Visits"},"content":{"rendered":"<div data-elementor-type=\"wp-page\" data-elementor-id=\"1402\" class=\"elementor elementor-1402\" data-elementor-post-type=\"page\">\n\t\t\t\t\t\t<section class=\"elementor-section elementor-top-section elementor-element elementor-element-bea50a7 animated-slow elementor-section-height-min-height elementor-section-items-bottom elementor-section-content-bottom elementor-section-boxed elementor-section-height-default elementor-invisible\" data-id=\"bea50a7\" data-element_type=\"section\" data-settings=\"{&quot;background_background&quot;:&quot;classic&quot;,&quot;animation&quot;:&quot;fadeIn&quot;}\">\n\t\t\t\t\t\t\t<div class=\"elementor-background-overlay\"><\/div>\n\t\t\t\t\t\t\t<div class=\"elementor-container elementor-column-gap-no\">\n\t\t\t\t\t<div class=\"elementor-column elementor-col-100 elementor-top-column elementor-element elementor-element-faa5854\" data-id=\"faa5854\" data-element_type=\"column\">\n\t\t\t<div class=\"elementor-widget-wrap elementor-element-populated\">\n\t\t\t\t\t\t<div class=\"elementor-element elementor-element-ec4a935 elementor-widget elementor-widget-heading\" data-id=\"ec4a935\" data-element_type=\"widget\" data-widget_type=\"heading.default\">\n\t\t\t\t<div class=\"elementor-widget-container\">\n\t\t\t<style>\/*! elementor - v3.20.0 - 13-03-2024 *\/\n.elementor-heading-title{padding:0;margin:0;line-height:1}.elementor-widget-heading .elementor-heading-title[class*=elementor-size-]>a{color:inherit;font-size:inherit;line-height:inherit}.elementor-widget-heading .elementor-heading-title.elementor-size-small{font-size:15px}.elementor-widget-heading .elementor-heading-title.elementor-size-medium{font-size:19px}.elementor-widget-heading .elementor-heading-title.elementor-size-large{font-size:29px}.elementor-widget-heading .elementor-heading-title.elementor-size-xl{font-size:39px}.elementor-widget-heading .elementor-heading-title.elementor-size-xxl{font-size:59px}<\/style><h2 class=\"elementor-heading-title elementor-size-default\">Visits<\/h2>\t\t<\/div>\n\t\t\t\t<\/div>\n\t\t\t\t\t<\/div>\n\t\t<\/div>\n\t\t\t\t\t<\/div>\n\t\t<\/section>\n\t\t\t\t<section class=\"elementor-section elementor-top-section elementor-element elementor-element-7c71d18e elementor-section-boxed elementor-section-height-default elementor-section-height-default\" data-id=\"7c71d18e\" data-element_type=\"section\" id=\"nosotros\" data-settings=\"{&quot;background_background&quot;:&quot;classic&quot;}\">\n\t\t\t\t\t\t\t<div class=\"elementor-background-overlay\"><\/div>\n\t\t\t\t\t\t\t<div class=\"elementor-container elementor-column-gap-no\">\n\t\t\t\t\t<div class=\"elementor-column elementor-col-100 elementor-top-column elementor-element elementor-element-2885392c\" data-id=\"2885392c\" data-element_type=\"column\">\n\t\t\t<div class=\"elementor-widget-wrap elementor-element-populated\">\n\t\t\t\t\t\t<div class=\"elementor-element elementor-element-12a7558f elementor-widget elementor-widget-text-editor\" data-id=\"12a7558f\" data-element_type=\"widget\" data-widget_type=\"text-editor.default\">\n\t\t\t\t<div class=\"elementor-widget-container\">\n\t\t\t<style>\/*! elementor - v3.20.0 - 13-03-2024 *\/\n.elementor-widget-text-editor.elementor-drop-cap-view-stacked .elementor-drop-cap{background-color:#69727d;color:#fff}.elementor-widget-text-editor.elementor-drop-cap-view-framed .elementor-drop-cap{color:#69727d;border:3px solid;background-color:transparent}.elementor-widget-text-editor:not(.elementor-drop-cap-view-default) .elementor-drop-cap{margin-top:8px}.elementor-widget-text-editor:not(.elementor-drop-cap-view-default) .elementor-drop-cap-letter{width:1em;height:1em}.elementor-widget-text-editor .elementor-drop-cap{float:left;text-align:center;line-height:1;font-size:50px}.elementor-widget-text-editor .elementor-drop-cap-letter{display:inline-block}<\/style>\t\t\t\t<p style=\"text-align: left;\">En Javi Revert Viticultor te invitamos a descubrir nuestro proyecto a trav\u00e9s de una experiencia enotur\u00edstica que incluye:<\/p><p style=\"text-align: left;\">\u00a0<\/p><ul><li style=\"text-align: left;\">Visita a nuestros vi\u00f1edos.<\/li><li style=\"text-align: left;\">Recorrido por la bodega con cata directa de dep\u00f3sitos.<\/li><li style=\"text-align: left;\">Cata completa de nuestros vinos, dirigida por nuestro en\u00f3logo.<\/li><li style=\"text-align: left;\">Degustaci\u00f3n de embutidos y productos locales.<\/li><\/ul><p>\u00a0<\/p><p style=\"text-align: left;\">Precio: 80\u20ac por persona.<\/p><p style=\"text-align: left;\">Grupos de m\u00e1ximo 4 personas.<\/p><p style=\"text-align: left;\">Para reservas y m\u00e1s informaci\u00f3n: hola@javirevertviticultor.com<\/p>\t\t\t\t\t\t<\/div>\n\t\t\t\t<\/div>\n\t\t\t\t\t<\/div>\n\t\t<\/div>\n\t\t\t\t\t<\/div>\n\t\t<\/section>\n\t\t\t\t<\/div>","protected":false},"excerpt":{"rendered":"<p>Visitas En Javi Revert Viticultor te invitamos a descubrir nuestro proyecto a trav\u00e9s de una experiencia enotur\u00edstica que incluye: \u00a0 Visita a nuestros vi\u00f1edos. Recorrido por la bodega con cata directa de dep\u00f3sitos. Cata completa de nuestros vinos, dirigida por nuestro en\u00f3logo. Degustaci\u00f3n de embutidos y productos locales. \u00a0 Precio: 80\u20ac por persona. Grupos de [&hellip;]<\/p>","protected":false},"author":2,"featured_media":1412,"parent":0,"menu_order":0,"comment_status":"closed","ping_status":"closed","template":"elementor_header_footer","meta":{"footnotes":""},"class_list":["post-1402","page","type-page","status-publish","has-post-thumbnail","hentry"],"_links":{"self":[{"href":"https:\/\/javirevertviticultor.com\/en\/wp-json\/wp\/v2\/pages\/1402","targetHints":{"allow":["GET"]}}],"collection":[{"href":"https:\/\/javirevertviticultor.com\/en\/wp-json\/wp\/v2\/pages"}],"about":[{"href":"https:\/\/javirevertviticultor.com\/en\/wp-json\/wp\/v2\/types\/page"}],"author":[{"embeddable":true,"href":"https:\/\/javirevertviticultor.com\/en\/wp-json\/wp\/v2\/users\/2"}],"replies":[{"embeddable":true,"href":"https:\/\/javirevertviticultor.com\/en\/wp-json\/wp\/v2\/comments?post=1402"}],"version-history":[{"count":16,"href":"https:\/\/javirevertviticultor.com\/en\/wp-json\/wp\/v2\/pages\/1402\/revisions"}],"predecessor-version":[{"id":1512,"href":"https:\/\/javirevertviticultor.com\/en\/wp-json\/wp\/v2\/pages\/1402\/revisions\/1512"}],"wp:featuredmedia":[{"embeddable":true,"href":"https:\/\/javirevertviticultor.com\/en\/wp-json\/wp\/v2\/media\/1412"}],"wp:attachment":[{"href":"https:\/\/javirevertviticultor.com\/en\/wp-json\/wp\/v2\/media?parent=1402"}],"curies":[{"name":"wp","href":"https:\/\/api.w.org\/{rel}","templated":true}]}}