{"id":1098,"date":"2024-01-26T21:20:38","date_gmt":"2024-01-26T21:20:38","guid":{"rendered":"https:\/\/javirevertviticultor.com\/?page_id=1098"},"modified":"2024-03-14T13:15:14","modified_gmt":"2024-03-14T13:15:14","slug":"raices","status":"publish","type":"page","link":"https:\/\/javirevertviticultor.com\/en\/raices\/","title":{"rendered":"Roots"},"content":{"rendered":"<div data-elementor-type=\"wp-page\" data-elementor-id=\"1098\" class=\"elementor elementor-1098\" data-elementor-post-type=\"page\">\n\t\t\t\t\t\t<section class=\"elementor-section elementor-top-section elementor-element elementor-element-dec434f animated-slow elementor-section-height-min-height elementor-section-items-bottom elementor-section-boxed elementor-section-height-default elementor-invisible\" data-id=\"dec434f\" data-element_type=\"section\" data-settings=\"{&quot;background_background&quot;:&quot;classic&quot;,&quot;animation&quot;:&quot;fadeIn&quot;}\">\n\t\t\t\t\t\t\t<div class=\"elementor-background-overlay\"><\/div>\n\t\t\t\t\t\t\t<div class=\"elementor-container elementor-column-gap-no\">\n\t\t\t\t\t<div class=\"elementor-column elementor-col-100 elementor-top-column elementor-element elementor-element-7050b8c\" data-id=\"7050b8c\" data-element_type=\"column\">\n\t\t\t<div class=\"elementor-widget-wrap elementor-element-populated\">\n\t\t\t\t\t\t<div class=\"elementor-element elementor-element-a40bba1 elementor-widget elementor-widget-heading\" data-id=\"a40bba1\" data-element_type=\"widget\" data-widget_type=\"heading.default\">\n\t\t\t\t<div class=\"elementor-widget-container\">\n\t\t\t<style>\/*! elementor - v3.20.0 - 13-03-2024 *\/\n.elementor-heading-title{padding:0;margin:0;line-height:1}.elementor-widget-heading .elementor-heading-title[class*=elementor-size-]>a{color:inherit;font-size:inherit;line-height:inherit}.elementor-widget-heading .elementor-heading-title.elementor-size-small{font-size:15px}.elementor-widget-heading .elementor-heading-title.elementor-size-medium{font-size:19px}.elementor-widget-heading .elementor-heading-title.elementor-size-large{font-size:29px}.elementor-widget-heading .elementor-heading-title.elementor-size-xl{font-size:39px}.elementor-widget-heading .elementor-heading-title.elementor-size-xxl{font-size:59px}<\/style><h2 class=\"elementor-heading-title elementor-size-default\">Roots<\/h2>\t\t<\/div>\n\t\t\t\t<\/div>\n\t\t\t\t\t<\/div>\n\t\t<\/div>\n\t\t\t\t\t<\/div>\n\t\t<\/section>\n\t\t\t\t<section class=\"elementor-section elementor-top-section elementor-element elementor-element-e3b26a3 elementor-section-boxed elementor-section-height-default elementor-section-height-default\" data-id=\"e3b26a3\" data-element_type=\"section\" data-settings=\"{&quot;background_background&quot;:&quot;classic&quot;}\">\n\t\t\t\t\t\t\t<div class=\"elementor-background-overlay\"><\/div>\n\t\t\t\t\t\t\t<div class=\"elementor-container elementor-column-gap-no\">\n\t\t\t\t\t<div class=\"elementor-column elementor-col-50 elementor-top-column elementor-element elementor-element-0c27fc4\" data-id=\"0c27fc4\" data-element_type=\"column\">\n\t\t\t<div class=\"elementor-widget-wrap elementor-element-populated\">\n\t\t\t\t\t\t<div class=\"elementor-element elementor-element-5da927b elementor-widget elementor-widget-text-editor\" data-id=\"5da927b\" data-element_type=\"widget\" data-widget_type=\"text-editor.default\">\n\t\t\t\t<div class=\"elementor-widget-container\">\n\t\t\t<style>\/*! elementor - v3.20.0 - 13-03-2024 *\/\n.elementor-widget-text-editor.elementor-drop-cap-view-stacked .elementor-drop-cap{background-color:#69727d;color:#fff}.elementor-widget-text-editor.elementor-drop-cap-view-framed .elementor-drop-cap{color:#69727d;border:3px solid;background-color:transparent}.elementor-widget-text-editor:not(.elementor-drop-cap-view-default) .elementor-drop-cap{margin-top:8px}.elementor-widget-text-editor:not(.elementor-drop-cap-view-default) .elementor-drop-cap-letter{width:1em;height:1em}.elementor-widget-text-editor .elementor-drop-cap{float:left;text-align:center;line-height:1;font-size:50px}.elementor-widget-text-editor .elementor-drop-cap-letter{display:inline-block}<\/style>\t\t\t\t<p><span style=\"font-weight: 400;\">La Font de la Figuera is a small town in the southwest of the province of Valencia. A Mediterranean village dedicated to agriculture. In this place, we have been producing wine for thousands of years, and currently, the vineyard represents the most important cultivation.<\/span><\/p><p><span style=\"font-weight: 400;\">Our landscape consists of an extensive and fertile valley, surrounded by tall mountains whose slopes are adorned with beautiful terraced fields held together by stone walls.<\/span><\/p><p><span style=\"font-weight: 400;\">These ancient terraces were cultivated by farmers for almost a thousand years, and not too long ago, with the boom of bulk wine, vineyards replaced cereal crops as the most profitable cultivation, taking over the fertile soils of the valley.<\/span><\/p>\t\t\t\t\t\t<\/div>\n\t\t\t\t<\/div>\n\t\t\t\t<div class=\"elementor-element elementor-element-26aa0be elementor-widget elementor-widget-image\" data-id=\"26aa0be\" data-element_type=\"widget\" data-widget_type=\"image.default\">\n\t\t\t\t<div class=\"elementor-widget-container\">\n\t\t\t<style>\/*! elementor - v3.20.0 - 13-03-2024 *\/\n.elementor-widget-image{text-align:center}.elementor-widget-image a{display:inline-block}.elementor-widget-image a img[src$=\".svg\"]{width:48px}.elementor-widget-image img{vertical-align:middle;display:inline-block}<\/style>\t\t\t\t\t\t\t\t\t\t<img fetchpriority=\"high\" decoding=\"async\" width=\"1707\" height=\"2560\" src=\"https:\/\/javirevertviticultor.com\/wp-content\/uploads\/2024\/03\/Pla-del-Micalet_Javi-Revert-Viticultores0-11-scaled.jpg\" class=\"attachment-full size-full wp-image-1327\" alt=\"\" srcset=\"https:\/\/javirevertviticultor.com\/wp-content\/uploads\/2024\/03\/Pla-del-Micalet_Javi-Revert-Viticultores0-11-scaled.jpg 1707w, https:\/\/javirevertviticultor.com\/wp-content\/uploads\/2024\/03\/Pla-del-Micalet_Javi-Revert-Viticultores0-11-200x300.jpg 200w, https:\/\/javirevertviticultor.com\/wp-content\/uploads\/2024\/03\/Pla-del-Micalet_Javi-Revert-Viticultores0-11-683x1024.jpg 683w, https:\/\/javirevertviticultor.com\/wp-content\/uploads\/2024\/03\/Pla-del-Micalet_Javi-Revert-Viticultores0-11-768x1152.jpg 768w, https:\/\/javirevertviticultor.com\/wp-content\/uploads\/2024\/03\/Pla-del-Micalet_Javi-Revert-Viticultores0-11-1024x1536.jpg 1024w, https:\/\/javirevertviticultor.com\/wp-content\/uploads\/2024\/03\/Pla-del-Micalet_Javi-Revert-Viticultores0-11-1366x2048.jpg 1366w, https:\/\/javirevertviticultor.com\/wp-content\/uploads\/2024\/03\/Pla-del-Micalet_Javi-Revert-Viticultores0-11-8x12.jpg 8w\" sizes=\"(max-width: 1707px) 100vw, 1707px\" \/>\t\t\t\t\t\t\t\t\t\t\t\t\t<\/div>\n\t\t\t\t<\/div>\n\t\t\t\t\t<\/div>\n\t\t<\/div>\n\t\t\t\t<div class=\"elementor-column elementor-col-50 elementor-top-column elementor-element elementor-element-201ab8b\" data-id=\"201ab8b\" data-element_type=\"column\">\n\t\t\t<div class=\"elementor-widget-wrap elementor-element-populated\">\n\t\t\t\t\t\t<div class=\"elementor-element elementor-element-19f32a3 elementor-widget elementor-widget-image\" data-id=\"19f32a3\" data-element_type=\"widget\" data-widget_type=\"image.default\">\n\t\t\t\t<div class=\"elementor-widget-container\">\n\t\t\t\t\t\t\t\t\t\t\t\t\t<img decoding=\"async\" width=\"2560\" height=\"1707\" src=\"https:\/\/javirevertviticultor.com\/wp-content\/uploads\/2024\/03\/20211102_Canaete_Javi-Revert-Viticultor_-22-scaled.jpg\" class=\"attachment-full size-full wp-image-1326\" alt=\"\" srcset=\"https:\/\/javirevertviticultor.com\/wp-content\/uploads\/2024\/03\/20211102_Canaete_Javi-Revert-Viticultor_-22-scaled.jpg 2560w, https:\/\/javirevertviticultor.com\/wp-content\/uploads\/2024\/03\/20211102_Canaete_Javi-Revert-Viticultor_-22-300x200.jpg 300w, https:\/\/javirevertviticultor.com\/wp-content\/uploads\/2024\/03\/20211102_Canaete_Javi-Revert-Viticultor_-22-1024x683.jpg 1024w, https:\/\/javirevertviticultor.com\/wp-content\/uploads\/2024\/03\/20211102_Canaete_Javi-Revert-Viticultor_-22-768x512.jpg 768w, https:\/\/javirevertviticultor.com\/wp-content\/uploads\/2024\/03\/20211102_Canaete_Javi-Revert-Viticultor_-22-1536x1024.jpg 1536w, https:\/\/javirevertviticultor.com\/wp-content\/uploads\/2024\/03\/20211102_Canaete_Javi-Revert-Viticultor_-22-2048x1366.jpg 2048w, https:\/\/javirevertviticultor.com\/wp-content\/uploads\/2024\/03\/20211102_Canaete_Javi-Revert-Viticultor_-22-18x12.jpg 18w\" sizes=\"(max-width: 2560px) 100vw, 2560px\" \/>\t\t\t\t\t\t\t\t\t\t\t\t\t<\/div>\n\t\t\t\t<\/div>\n\t\t\t\t<div class=\"elementor-element elementor-element-4cbe06e elementor-widget elementor-widget-text-editor\" data-id=\"4cbe06e\" data-element_type=\"widget\" data-widget_type=\"text-editor.default\">\n\t\t\t\t<div class=\"elementor-widget-container\">\n\t\t\t\t\t\t\t<p style=\"font-size: 15px;\">It was then, when those precious plots on the mountain slopes were abandoned and gradually reclaimed by nature.<\/p><p style=\"font-size: 15px;\">Now is the time to take up the legacy of our ancestors in old vineyards but also to replant vines in those ancient plots abandoned over half a century ago and almost reclaimed by nature.<\/p><p><span style=\"font-weight: 400;\">In essence, it's about illuminating those places again that always yielded the finest wines of the region.<\/span><\/p><p><span style=\"font-weight: 400;\">And indeed, great wines are those capable of displaying identity: wines that speak of the land they come from, the traditions of the place, the characteristics of the vintage, and even reflect the hand of the person who has worked with passion, first in the vineyard and later in the winery, to craft it.<\/span><\/p><p><span style=\"font-weight: 400;\">These are wines that defend their territory; they enable more dignified wages for the people who work in it, promote higher grape prices, and help preserve the traditional landscapes of the area. They also attract quality tourism to the villages where they originate, creating synergies with restaurants, commerce, and more.<\/span><\/p>\t\t\t\t\t\t<\/div>\n\t\t\t\t<\/div>\n\t\t\t\t<div class=\"elementor-element elementor-element-6c280c7 elementor-mobile-align-justify elementor-tablet-align-justify elementor-widget elementor-widget-button\" data-id=\"6c280c7\" data-element_type=\"widget\" data-widget_type=\"button.default\">\n\t\t\t\t<div class=\"elementor-widget-container\">\n\t\t\t\t\t<div class=\"elementor-button-wrapper\">\n\t\t\t<a class=\"elementor-button elementor-button-link elementor-size-sm\" href=\"https:\/\/javirevertviticultor.com\/en\/vinos\/\">\n\t\t\t\t\t\t<span class=\"elementor-button-content-wrapper\">\n\t\t\t\t\t\t<span class=\"elementor-button-text\">Discover our wines<\/span>\n\t\t<\/span>\n\t\t\t\t\t<\/a>\n\t\t<\/div>\n\t\t\t\t<\/div>\n\t\t\t\t<\/div>\n\t\t\t\t\t<\/div>\n\t\t<\/div>\n\t\t\t\t\t<\/div>\n\t\t<\/section>\n\t\t\t\t<\/div>","protected":false},"excerpt":{"rendered":"<p>Ra\u00edces La Font de la Figuera es un peque\u00f1o pueblo al suroeste de la provincia de Valencia. Un pueblo mediterr\u00e1neo dedicado a la agricultura. En este lugar producimos vino desde hace miles de a\u00f1os, y actualmente el vi\u00f1edo representa el cultivo m\u00e1s importante. Nuestro paisaje se compone de un extenso y f\u00e9rtil valle, rodeado de [&hellip;]<\/p>","protected":false},"author":1,"featured_media":220,"parent":0,"menu_order":0,"comment_status":"closed","ping_status":"closed","template":"","meta":{"footnotes":""},"class_list":["post-1098","page","type-page","status-publish","has-post-thumbnail","hentry"],"_links":{"self":[{"href":"https:\/\/javirevertviticultor.com\/en\/wp-json\/wp\/v2\/pages\/1098","targetHints":{"allow":["GET"]}}],"collection":[{"href":"https:\/\/javirevertviticultor.com\/en\/wp-json\/wp\/v2\/pages"}],"about":[{"href":"https:\/\/javirevertviticultor.com\/en\/wp-json\/wp\/v2\/types\/page"}],"author":[{"embeddable":true,"href":"https:\/\/javirevertviticultor.com\/en\/wp-json\/wp\/v2\/users\/1"}],"replies":[{"embeddable":true,"href":"https:\/\/javirevertviticultor.com\/en\/wp-json\/wp\/v2\/comments?post=1098"}],"version-history":[{"count":22,"href":"https:\/\/javirevertviticultor.com\/en\/wp-json\/wp\/v2\/pages\/1098\/revisions"}],"predecessor-version":[{"id":1333,"href":"https:\/\/javirevertviticultor.com\/en\/wp-json\/wp\/v2\/pages\/1098\/revisions\/1333"}],"wp:featuredmedia":[{"embeddable":true,"href":"https:\/\/javirevertviticultor.com\/en\/wp-json\/wp\/v2\/media\/220"}],"wp:attachment":[{"href":"https:\/\/javirevertviticultor.com\/en\/wp-json\/wp\/v2\/media?parent=1098"}],"curies":[{"name":"wp","href":"https:\/\/api.w.org\/{rel}","templated":true}]}}